{"id":3619,"date":"2017-03-16T10:09:29","date_gmt":"2017-03-16T10:09:29","guid":{"rendered":"https:\/\/www.auriane.net\/?page_id=3619"},"modified":"2019-12-06T11:10:02","modified_gmt":"2019-12-06T11:10:02","slug":"charter-auriane","status":"publish","type":"page","link":"https:\/\/www.auriane.net\/fr\/charter-auriane\/","title":{"rendered":"Charter Auriane"},"content":{"rendered":"\n<style type=\"text\/css\" data-created_by=\"avia_inline_auto\" id=\"style-css-av-1hb25k3-57225109b4616087bf07798094211416\">\n.avia-section.av-1hb25k3-57225109b4616087bf07798094211416{\nbackground-repeat:no-repeat;\nbackground-image:url(https:\/\/www.auriane.net\/wp-content\/uploads\/2017\/12\/charter_back.jpg);\nbackground-position:0% 0%;\nbackground-attachment:scroll;\n}\n.avia-section.av-1hb25k3-57225109b4616087bf07798094211416 .av-section-color-overlay{\nopacity:0.4;\nbackground-color:#000000;\n}\n<\/style>\n<div id='av_section_1'  class='avia-section av-1hb25k3-57225109b4616087bf07798094211416 main_color avia-section-default avia-no-border-styling  avia-builder-el-0  el_before_av_layout_row  avia-builder-el-first  avia-full-stretch avia-bg-style-scroll av-section-color-overlay-active av-minimum-height av-minimum-height-custom av-height-custom  container_wrap sidebar_right'  data-section-bg-repeat='stretch' data-av_minimum_height_px='450'><div class=\"av-section-color-overlay-wrap\"><div class=\"av-section-color-overlay\"><\/div><div class='container av-section-cont-open' style='height:450px'><main  role=\"main\" itemprop=\"mainContentOfPage\"  class='template-page content  av-content-small alpha units'><div class='post-entry post-entry-type-page post-entry-3619'><div class='entry-content-wrapper clearfix'>\n\n<style type=\"text\/css\" data-created_by=\"avia_inline_auto\" id=\"style-css-av-1fyvrab-05160e7bc8cf8e384b8ec2e914fc6ade\">\n.flex_column.av-1fyvrab-05160e7bc8cf8e384b8ec2e914fc6ade{\nborder-radius:0px 0px 0px 0px;\npadding:0px 0px 0px 0px;\n}\n<\/style>\n<div  class='flex_column av-1fyvrab-05160e7bc8cf8e384b8ec2e914fc6ade av_two_fifth  avia-builder-el-1  avia-builder-el-no-sibling  first flex_column_div av-zero-column-padding  '     ><style type=\"text\/css\" data-created_by=\"avia_inline_auto\" id=\"style-css-av-1ehkls3-be3607dde3703716ec3876d66e2b7f18\">\n#top .av-special-heading.av-1ehkls3-be3607dde3703716ec3876d66e2b7f18{\npadding-bottom:10px;\ncolor:#ffffff;\nfont-size:45px;\n}\nbody .av-special-heading.av-1ehkls3-be3607dde3703716ec3876d66e2b7f18 .av-special-heading-tag .heading-char{\nfont-size:25px;\n}\n#top #wrap_all .av-special-heading.av-1ehkls3-be3607dde3703716ec3876d66e2b7f18 .av-special-heading-tag{\nfont-size:45px;\n}\n.av-special-heading.av-1ehkls3-be3607dde3703716ec3876d66e2b7f18 .special-heading-inner-border{\nborder-color:#ffffff;\n}\n.av-special-heading.av-1ehkls3-be3607dde3703716ec3876d66e2b7f18 .av-subheading{\nfont-size:16px;\n}\n\n@media only screen and (min-width: 480px) and (max-width: 767px){ \n#top #wrap_all .av-special-heading.av-1ehkls3-be3607dde3703716ec3876d66e2b7f18 .av-special-heading-tag{\nfont-size:0.8em;\n}\n}\n\n@media only screen and (max-width: 479px){ \n#top #wrap_all .av-special-heading.av-1ehkls3-be3607dde3703716ec3876d66e2b7f18 .av-special-heading-tag{\nfont-size:0.8em;\n}\n}\n<\/style>\n<div  class='av-special-heading av-1ehkls3-be3607dde3703716ec3876d66e2b7f18 av-special-heading-h3 custom-color-heading blockquote modern-quote  avia-builder-el-2  avia-builder-el-no-sibling  av-inherit-size'><h3 class='av-special-heading-tag '  itemprop=\"headline\"  >CHARTER AURIANE<\/h3><div class='av_custom_color av-subheading av-subheading_below'><p>Pour louer ce yacht de luxe, merci de<br \/>\ncontacter notre agent<\/p>\n<\/div><div class=\"special-heading-border\"><div class=\"special-heading-inner-border\"><\/div><\/div><\/div><\/div>\n\n<\/div><\/div><\/main><!-- close content main element --><\/div><\/div><\/div><div id='av-layout-grid-1'  class='av-layout-grid-container av-1ceox0z-3d3cc8b02dc46f72fa2443df86b85660 entry-content-wrapper main_color av-flex-cells  avia-builder-el-3  el_after_av_section  el_before_av_section  grid-row-not-first  container_wrap sidebar_right'  >\n\n<style type=\"text\/css\" data-created_by=\"avia_inline_auto\" id=\"style-css-av-1azl2gj-9687ec3e0afc8685df2a4bb82bb238be\">\n.flex_cell.av-1azl2gj-9687ec3e0afc8685df2a4bb82bb238be{\nvertical-align:top;\nheight:8px;\nmin-height:8px;\nbackground-color:#c5a97f;\n}\n.responsive #top #wrap_all .flex_cell.av-1azl2gj-9687ec3e0afc8685df2a4bb82bb238be{\npadding:0px 0px 0px 0px !important;\n}\n<\/style>\n<div class='flex_cell av-1azl2gj-9687ec3e0afc8685df2a4bb82bb238be av-gridrow-cell av_one_full no_margin  avia-builder-el-4  avia-builder-el-no-sibling  content-align-top av-zero-padding'  ><div class='flex_cell_inner'><\/div><\/div>\n<\/div>\n<div id='av_section_2'  class='avia-section av-18zewib-81f15cedadebf2f0b1539d23e25f1dd0 main_color avia-section-default avia-no-shadow  avia-builder-el-5  el_after_av_layout_row  el_before_av_section  avia-bg-style-scroll container_wrap sidebar_right'  ><div class='container av-section-cont-open' ><div class='template-page content  av-content-small alpha units'><div class='post-entry post-entry-type-page post-entry-3619'><div class='entry-content-wrapper clearfix'>\n\n<style type=\"text\/css\" data-created_by=\"avia_inline_auto\" id=\"style-css-av-17elxoj-a1d9d1e024f244b1f4a172340b7992a0\">\n.flex_column.av-17elxoj-a1d9d1e024f244b1f4a172340b7992a0{\nborder-radius:0px 0px 0px 0px;\npadding:0px 0px 0px 0px;\n}\n<\/style>\n<div  class='flex_column av-17elxoj-a1d9d1e024f244b1f4a172340b7992a0 av_one_half  avia-builder-el-6  el_before_av_one_half  avia-builder-el-first  first flex_column_div av-zero-column-padding  '     ><section  class='av_textblock_section av-46sylv-8b0196d2301b931eee73a350e0137cc5 '   itemscope=\"itemscope\" itemtype=\"https:\/\/schema.org\/CreativeWork\" ><div class='avia_textblock'  itemprop=\"text\" ><p>La Croatie \u2013 le paradis des plaisanciers<br \/>\nLa Croatie est une des destinations phares pour la navigation. Connue par les plaisanciers du monde entier, elle est une destination s\u00fbre et offre une infrastructure nautique de haut niveau pour naviguer en toute s\u00e9curit\u00e9, tout en d\u00e9ployant un panorama enchanteur.<\/p>\n<p>Des plus beaux lieux d\u2019escapade de l\u2019Istrie, aux joyaux de la Dalmatie au sud, venez d\u00e9couvrir les merveilles qu\u2019offre le littoral croate : longue de plusieurs milliers de kilom\u00e8tres, la c\u00f4te croate offre de magnifiques panoramas. Navigant sur une eau pure et cristalline, vous \u00e9voluerez entre le millier d\u2019\u00eeles et d\u2019il\u00f4ts de la mer Adriatique, d\u00e9couvrirez ses baies turquoises ou ses criques isol\u00e9es, ou bien accosterez dans des villages charg\u00e9s d\u2019histoire o\u00f9 vous pourrez go\u00fbter une savoureuse cuisine locale, accompagn\u00e9e d\u2019un vin de qualit\u00e9.<\/p>\n<\/div><\/section><\/div>\n<style type=\"text\/css\" data-created_by=\"avia_inline_auto\" id=\"style-css-av-159qvhf-56907907b843c675cf06e8e2b094ceea\">\n.flex_column.av-159qvhf-56907907b843c675cf06e8e2b094ceea{\nborder-radius:0px 0px 0px 0px;\npadding:0px 0px 0px 0px;\n}\n<\/style>\n<div  class='flex_column av-159qvhf-56907907b843c675cf06e8e2b094ceea av_one_half  avia-builder-el-8  el_after_av_one_half  el_before_av_heading  flex_column_div av-zero-column-padding  '     ><section  class='av_textblock_section av-12td2qb-01883422ef48f76c73e02c62f9e06fca '   itemscope=\"itemscope\" itemtype=\"https:\/\/schema.org\/CreativeWork\" ><div class='avia_textblock'  itemprop=\"text\" ><p>Naviguer le long de la c\u00f4te croate, c\u2019est profiter d\u2019un paysage magnifique et pr\u00e9serv\u00e9 o\u00f9 se m\u00ealent montagne, mer et d\u2019innombrables \u00eeles, dans le plaisir et la relaxation. C\u2019est pouvoir s\u2019abandonner au soleil tout en se laissant bercer par les vagues dans un cadre idyllique..<\/p>\n<\/div><\/section><\/div>\n<style type=\"text\/css\" data-created_by=\"avia_inline_auto\" id=\"style-css-av-k3u1rzi1-8130bef0889f3292b38982a7ec9ff6a0\">\n#top .av-special-heading.av-k3u1rzi1-8130bef0889f3292b38982a7ec9ff6a0{\npadding-bottom:10px;\n}\nbody .av-special-heading.av-k3u1rzi1-8130bef0889f3292b38982a7ec9ff6a0 .av-special-heading-tag .heading-char{\nfont-size:25px;\n}\n.av-special-heading.av-k3u1rzi1-8130bef0889f3292b38982a7ec9ff6a0 .av-subheading{\nfont-size:15px;\n}\n<\/style>\n<div  class='av-special-heading av-k3u1rzi1-8130bef0889f3292b38982a7ec9ff6a0 av-special-heading-h2 blockquote modern-quote modern-centered  avia-builder-el-10  el_after_av_one_half  el_before_av_hr '><h2 class='av-special-heading-tag '  itemprop=\"headline\"  >Tarifs  hebdomadaires 2020<\/h2><div class=\"special-heading-border\"><div class=\"special-heading-inner-border\"><\/div><\/div><\/div>\n\n<style type=\"text\/css\" data-created_by=\"avia_inline_auto\" id=\"style-css-av-zm9zhv-3b1eceb12599c71080a22670eedc23ac\">\n#top .hr.hr-invisible.av-zm9zhv-3b1eceb12599c71080a22670eedc23ac{\nheight:50px;\n}\n<\/style>\n<div  class='hr av-zm9zhv-3b1eceb12599c71080a22670eedc23ac hr-invisible  avia-builder-el-11  el_after_av_heading  el_before_av_table '><span class='hr-inner '><span class=\"hr-inner-style\"><\/span><\/span><\/div>\n<div  class='avia-table av-ypwnc3-aba1bc14a48a2f9c97381651cfc5d9d6 main_color avia-pricing-table-container avia_pricing_default  avia-builder-el-12  el_after_av_hr  avia-builder-el-last  avia-table-1'  itemscope=\"itemscope\" itemtype=\"https:\/\/schema.org\/Table\" ><div class=\"pricing-table-wrap\"><ul class='pricing-table '><li class='avia-heading-row'><div class='first-table-item'>01.01.-30.05.<\/div><span class='pricing-extra'><\/span><\/li><li class='avia-heading-row'>30 000 EUR<\/li><\/ul><\/div><div class=\"pricing-table-wrap\"><ul class='pricing-table '><li class='avia-heading-row'><div class='first-table-item'>30.05.-27.06.<\/div><span class='pricing-extra'><\/span><\/li><li class='avia-heading-row'>32 000 EUR<\/li><\/ul><\/div><div class=\"pricing-table-wrap\"><ul class='pricing-table '><li class='avia-heading-row'><div class='first-table-item'>27.06.-29.08.<\/div><span class='pricing-extra'><\/span><\/li><li class='avia-heading-row'>35 000 EUR<\/li><\/ul><\/div><div class=\"pricing-table-wrap\"><ul class='pricing-table '><li class='avia-heading-row'><div class='first-table-item'>29.08.-26.09.<\/div><span class='pricing-extra'><\/span><\/li><li class='avia-heading-row'>32 000 EUR<\/li><\/ul><\/div><div class=\"pricing-table-wrap\"><ul class='pricing-table '><li class='avia-heading-row'><div class='first-table-item'>26.09.-31.12.<\/div><span class='pricing-extra'><\/span><\/li><li class='avia-heading-row'>30 000 EUR<\/li><\/ul><\/div><\/div>\n<\/div><\/div><\/div><!-- close content main div --><\/div><\/div><div id='av_section_3'  class='avia-section av-94i7j7-3acac85d533439c072b148339472999d main_color avia-section-default avia-no-shadow  avia-builder-el-13  el_after_av_section  avia-builder-el-last  avia-bg-style-scroll container_wrap sidebar_right'  ><div class='container av-section-cont-open' ><div class='template-page content  av-content-small alpha units'><div class='post-entry post-entry-type-page post-entry-3619'><div class='entry-content-wrapper clearfix'>\n\n<style type=\"text\/css\" data-created_by=\"avia_inline_auto\" id=\"style-css-av-sk0yr-4a6f2f379ef22ddbcd04014de07a31b8\">\n.flex_column.av-sk0yr-4a6f2f379ef22ddbcd04014de07a31b8{\nborder-radius:0px 0px 0px 0px;\npadding:0px 0px 0px 0px;\n}\n<\/style>\n<div  class='flex_column av-sk0yr-4a6f2f379ef22ddbcd04014de07a31b8 av_one_half  avia-builder-el-14  el_before_av_one_half  avia-builder-el-first  first flex_column_div av-zero-column-padding  '     ><section  class='av_textblock_section av-5c8y0z-50f47dcca591f45f444259ca828b19e0 '   itemscope=\"itemscope\" itemtype=\"https:\/\/schema.org\/CreativeWork\" ><div class='avia_textblock'  itemprop=\"text\" ><p><strong>Les frais d&rsquo;affr\u00e8tement comprennent:<\/strong><\/p>\n<hr \/>\n<ul>\n<li>H\u00e9bergement sur le yacht avec \u00e9quipement complet de sports nautiques<\/li>\n<li>Service par 3 membres d&rsquo;\u00e9quipage (Captian, chef et h\u00f4tesse)<\/li>\n<li>Laverie de yacht<\/li>\n<li>Nettoyage final<\/li>\n<li>TVA Croatie<\/li>\n<\/ul>\n<\/div><\/section><\/div>\n<style type=\"text\/css\" data-created_by=\"avia_inline_auto\" id=\"style-css-av-4mzqjn-20156e71a5e53e54e8435a9b7387e910\">\n.flex_column.av-4mzqjn-20156e71a5e53e54e8435a9b7387e910{\nborder-radius:0px 0px 0px 0px;\npadding:0px 0px 0px 0px;\n}\n<\/style>\n<div  class='flex_column av-4mzqjn-20156e71a5e53e54e8435a9b7387e910 av_one_half  avia-builder-el-16  el_after_av_one_half  avia-builder-el-last  flex_column_div av-zero-column-padding  '     ><section  class='av_textblock_section av-2jxmb7-b0d78782ad337eb72c71f218a504fcbb '   itemscope=\"itemscope\" itemtype=\"https:\/\/schema.org\/CreativeWork\" ><div class='avia_textblock'  itemprop=\"text\" ><p><strong>Extras:<\/strong><\/p>\n<hr \/>\n<ul>\n<li>APA &#8211; 35% des frais de location<\/li>\n<li>Livraison \/ relivraison, le cas \u00e9ch\u00e9ant<\/li>\n<\/ul>\n<\/div><\/section><\/div>\n<\/div><\/div><\/div><!-- close content main div --><\/div><\/div><div id='after_section_3'  class='main_color av_default_container_wrap container_wrap sidebar_right'  ><div class='container av-section-cont-open' ><div class='template-page content  av-content-small alpha units'><div class='post-entry post-entry-type-page post-entry-3619'><div class='entry-content-wrapper clearfix'><\/p>\n","protected":false},"excerpt":{"rendered":"","protected":false},"author":1,"featured_media":0,"parent":0,"menu_order":0,"comment_status":"closed","ping_status":"closed","template":"","meta":{"footnotes":""},"class_list":["post-3619","page","type-page","status-publish","hentry"],"yoast_head":"<!-- This site is optimized with the Yoast SEO plugin v27.6 - https:\/\/yoast.com\/product\/yoast-seo-wordpress\/ -->\n<title>Charter Auriane - Location yacht Croatie - Auriane<\/title>\n<meta name=\"robots\" content=\"index, follow, max-snippet:-1, max-image-preview:large, max-video-preview:-1\" \/>\n<link rel=\"canonical\" href=\"https:\/\/www.auriane.net\/fr\/charter-auriane\/\" \/>\n<meta property=\"og:locale\" content=\"fr_FR\" \/>\n<meta property=\"og:type\" content=\"article\" \/>\n<meta property=\"og:title\" content=\"Charter Auriane - Location yacht Croatie - Auriane\" \/>\n<meta property=\"og:url\" content=\"https:\/\/www.auriane.net\/fr\/charter-auriane\/\" \/>\n<meta property=\"og:site_name\" content=\"Location yacht Croatie - Auriane\" \/>\n<meta property=\"article:modified_time\" content=\"2019-12-06T11:10:02+00:00\" \/>\n<meta name=\"twitter:card\" content=\"summary_large_image\" \/>\n<meta name=\"twitter:label1\" content=\"Dur\u00e9e de lecture estim\u00e9e\" \/>\n\t<meta name=\"twitter:data1\" content=\"7 minutes\" \/>\n<script type=\"application\/ld+json\" class=\"yoast-schema-graph\">{\"@context\":\"https:\\\/\\\/schema.org\",\"@graph\":[{\"@type\":\"WebPage\",\"@id\":\"https:\\\/\\\/www.auriane.net\\\/fr\\\/charter-auriane\\\/\",\"url\":\"https:\\\/\\\/www.auriane.net\\\/fr\\\/charter-auriane\\\/\",\"name\":\"Charter Auriane - Location yacht Croatie - Auriane\",\"isPartOf\":{\"@id\":\"https:\\\/\\\/www.auriane.net\\\/en\\\/#website\"},\"datePublished\":\"2017-03-16T10:09:29+00:00\",\"dateModified\":\"2019-12-06T11:10:02+00:00\",\"breadcrumb\":{\"@id\":\"https:\\\/\\\/www.auriane.net\\\/fr\\\/charter-auriane\\\/#breadcrumb\"},\"inLanguage\":\"fr-FR\",\"potentialAction\":[{\"@type\":\"ReadAction\",\"target\":[\"https:\\\/\\\/www.auriane.net\\\/fr\\\/charter-auriane\\\/\"]}]},{\"@type\":\"BreadcrumbList\",\"@id\":\"https:\\\/\\\/www.auriane.net\\\/fr\\\/charter-auriane\\\/#breadcrumb\",\"itemListElement\":[{\"@type\":\"ListItem\",\"position\":1,\"name\":\"Home\",\"item\":\"https:\\\/\\\/www.auriane.net\\\/fr\\\/\"},{\"@type\":\"ListItem\",\"position\":2,\"name\":\"Charter Auriane\"}]},{\"@type\":\"WebSite\",\"@id\":\"https:\\\/\\\/www.auriane.net\\\/en\\\/#website\",\"url\":\"https:\\\/\\\/www.auriane.net\\\/en\\\/\",\"name\":\"Location yacht Croatie - Auriane\",\"description\":\"Location de bateaux Split Croatie. Yacht avec \u00e9quipage avec \u00e9quipage Croatie. Location Yacht Croatie.\",\"potentialAction\":[{\"@type\":\"SearchAction\",\"target\":{\"@type\":\"EntryPoint\",\"urlTemplate\":\"https:\\\/\\\/www.auriane.net\\\/en\\\/?s={search_term_string}\"},\"query-input\":{\"@type\":\"PropertyValueSpecification\",\"valueRequired\":true,\"valueName\":\"search_term_string\"}}],\"inLanguage\":\"fr-FR\"}]}<\/script>\n<!-- \/ Yoast SEO plugin. -->","yoast_head_json":{"title":"Charter Auriane - Location yacht Croatie - Auriane","robots":{"index":"index","follow":"follow","max-snippet":"max-snippet:-1","max-image-preview":"max-image-preview:large","max-video-preview":"max-video-preview:-1"},"canonical":"https:\/\/www.auriane.net\/fr\/charter-auriane\/","og_locale":"fr_FR","og_type":"article","og_title":"Charter Auriane - Location yacht Croatie - Auriane","og_url":"https:\/\/www.auriane.net\/fr\/charter-auriane\/","og_site_name":"Location yacht Croatie - Auriane","article_modified_time":"2019-12-06T11:10:02+00:00","twitter_card":"summary_large_image","twitter_misc":{"Dur\u00e9e de lecture estim\u00e9e":"7 minutes"},"schema":{"@context":"https:\/\/schema.org","@graph":[{"@type":"WebPage","@id":"https:\/\/www.auriane.net\/fr\/charter-auriane\/","url":"https:\/\/www.auriane.net\/fr\/charter-auriane\/","name":"Charter Auriane - Location yacht Croatie - Auriane","isPartOf":{"@id":"https:\/\/www.auriane.net\/en\/#website"},"datePublished":"2017-03-16T10:09:29+00:00","dateModified":"2019-12-06T11:10:02+00:00","breadcrumb":{"@id":"https:\/\/www.auriane.net\/fr\/charter-auriane\/#breadcrumb"},"inLanguage":"fr-FR","potentialAction":[{"@type":"ReadAction","target":["https:\/\/www.auriane.net\/fr\/charter-auriane\/"]}]},{"@type":"BreadcrumbList","@id":"https:\/\/www.auriane.net\/fr\/charter-auriane\/#breadcrumb","itemListElement":[{"@type":"ListItem","position":1,"name":"Home","item":"https:\/\/www.auriane.net\/fr\/"},{"@type":"ListItem","position":2,"name":"Charter Auriane"}]},{"@type":"WebSite","@id":"https:\/\/www.auriane.net\/en\/#website","url":"https:\/\/www.auriane.net\/en\/","name":"Location yacht Croatie - Auriane","description":"Location de bateaux Split Croatie. Yacht avec \u00e9quipage avec \u00e9quipage Croatie. Location Yacht Croatie.","potentialAction":[{"@type":"SearchAction","target":{"@type":"EntryPoint","urlTemplate":"https:\/\/www.auriane.net\/en\/?s={search_term_string}"},"query-input":{"@type":"PropertyValueSpecification","valueRequired":true,"valueName":"search_term_string"}}],"inLanguage":"fr-FR"}]}},"_links":{"self":[{"href":"https:\/\/www.auriane.net\/fr\/wp-json\/wp\/v2\/pages\/3619","targetHints":{"allow":["GET"]}}],"collection":[{"href":"https:\/\/www.auriane.net\/fr\/wp-json\/wp\/v2\/pages"}],"about":[{"href":"https:\/\/www.auriane.net\/fr\/wp-json\/wp\/v2\/types\/page"}],"author":[{"embeddable":true,"href":"https:\/\/www.auriane.net\/fr\/wp-json\/wp\/v2\/users\/1"}],"replies":[{"embeddable":true,"href":"https:\/\/www.auriane.net\/fr\/wp-json\/wp\/v2\/comments?post=3619"}],"version-history":[{"count":5,"href":"https:\/\/www.auriane.net\/fr\/wp-json\/wp\/v2\/pages\/3619\/revisions"}],"predecessor-version":[{"id":4235,"href":"https:\/\/www.auriane.net\/fr\/wp-json\/wp\/v2\/pages\/3619\/revisions\/4235"}],"wp:attachment":[{"href":"https:\/\/www.auriane.net\/fr\/wp-json\/wp\/v2\/media?parent=3619"}],"curies":[{"name":"wp","href":"https:\/\/api.w.org\/{rel}","templated":true}]}}