{"id":3754,"date":"2017-03-16T10:18:46","date_gmt":"2017-03-16T10:18:46","guid":{"rendered":"https:\/\/www.auriane.net\/?page_id=3754"},"modified":"2019-03-02T16:43:38","modified_gmt":"2019-03-02T16:43:38","slug":"bateau-moteur-croatie","status":"publish","type":"page","link":"https:\/\/www.auriane.net\/fr\/bateau-moteur-croatie\/","title":{"rendered":"Caract\u00e9ristiques Techniques"},"content":{"rendered":"\n<style type=\"text\/css\" data-created_by=\"avia_inline_auto\" id=\"style-css-av-av_section-b54a02b5eecf38b6075db6859f8f6e87\">\n.avia-section.av-av_section-b54a02b5eecf38b6075db6859f8f6e87{\nbackground-repeat:no-repeat;\nbackground-image:url(https:\/\/www.auriane.net\/wp-content\/uploads\/2017\/12\/tehnical_back-1.jpg);\nbackground-position:0% 0%;\nbackground-attachment:scroll;\n}\n.avia-section.av-av_section-b54a02b5eecf38b6075db6859f8f6e87 .av-section-color-overlay{\nopacity:0.3;\nbackground-color:#000000;\n}\n<\/style>\n<div id='av_section_1'  class='avia-section av-av_section-b54a02b5eecf38b6075db6859f8f6e87 main_color avia-section-default avia-no-border-styling  avia-builder-el-0  el_before_av_layout_row  avia-builder-el-first  avia-full-stretch avia-bg-style-scroll av-section-color-overlay-active av-minimum-height av-minimum-height-custom av-height-custom  container_wrap sidebar_right'  data-section-bg-repeat='stretch' data-av_minimum_height_px='450'><div class=\"av-section-color-overlay-wrap\"><div class=\"av-section-color-overlay\"><\/div><div class='container av-section-cont-open' style='height:450px'><main  role=\"main\" itemprop=\"mainContentOfPage\"  class='template-page content  av-content-small alpha units'><div class='post-entry post-entry-type-page post-entry-3754'><div class='entry-content-wrapper clearfix'>\n\n<style type=\"text\/css\" data-created_by=\"avia_inline_auto\" id=\"style-css-av-av_one_fifth-15d750bd1b332b34c6e70b077ebbccdf\">\n.flex_column.av-av_one_fifth-15d750bd1b332b34c6e70b077ebbccdf{\nborder-radius:0px 0px 0px 0px;\npadding:0px 0px 0px 0px;\n}\n<\/style>\n<div  class='flex_column av-av_one_fifth-15d750bd1b332b34c6e70b077ebbccdf av_one_fifth  avia-builder-el-1  avia-builder-el-no-sibling  first flex_column_div av-zero-column-padding  '     ><style type=\"text\/css\" data-created_by=\"avia_inline_auto\" id=\"style-css-av-av_heading-e73d4fd152c2e9654e419b0a154af93d\">\n#top .av-special-heading.av-av_heading-e73d4fd152c2e9654e419b0a154af93d{\npadding-bottom:10px;\ncolor:#ffffff;\nfont-size:45px;\n}\nbody .av-special-heading.av-av_heading-e73d4fd152c2e9654e419b0a154af93d .av-special-heading-tag .heading-char{\nfont-size:25px;\n}\n#top #wrap_all .av-special-heading.av-av_heading-e73d4fd152c2e9654e419b0a154af93d .av-special-heading-tag{\nfont-size:45px;\n}\n.av-special-heading.av-av_heading-e73d4fd152c2e9654e419b0a154af93d .special-heading-inner-border{\nborder-color:#ffffff;\n}\n.av-special-heading.av-av_heading-e73d4fd152c2e9654e419b0a154af93d .av-subheading{\nfont-size:15px;\n}\n\n@media only screen and (min-width: 480px) and (max-width: 767px){ \n#top #wrap_all .av-special-heading.av-av_heading-e73d4fd152c2e9654e419b0a154af93d .av-special-heading-tag{\nfont-size:0.8em;\n}\n}\n\n@media only screen and (max-width: 479px){ \n#top #wrap_all .av-special-heading.av-av_heading-e73d4fd152c2e9654e419b0a154af93d .av-special-heading-tag{\nfont-size:0.8em;\n}\n}\n<\/style>\n<div  class='av-special-heading av-av_heading-e73d4fd152c2e9654e419b0a154af93d av-special-heading-h3 custom-color-heading blockquote modern-quote  avia-builder-el-2  avia-builder-el-no-sibling  av-inherit-size'><h3 class='av-special-heading-tag '  itemprop=\"headline\"  >Location Bateau Croatie<\/h3><div class=\"special-heading-border\"><div class=\"special-heading-inner-border\"><\/div><\/div><\/div><\/div>\n\n<\/div><\/div><\/main><!-- close content main element --><\/div><\/div><\/div><div id='av-layout-grid-1'  class='av-layout-grid-container av-av_layout_row-6269b79c1f86aec93215daf2aa3cb085 entry-content-wrapper main_color av-fixed-cells  avia-builder-el-3  el_after_av_section  el_before_av_section  grid-row-not-first  container_wrap sidebar_right'  >\n\n<style type=\"text\/css\" data-created_by=\"avia_inline_auto\" id=\"style-css-av-av_cell_one_full-e0b333282f4dc2a2af03721ac77fff58\">\n.flex_cell.av-av_cell_one_full-e0b333282f4dc2a2af03721ac77fff58{\nvertical-align:middle;\nheight:8px;\nmin-height:8px;\nbackground-color:#c5a97f;\n}\n.responsive #top #wrap_all .flex_cell.av-av_cell_one_full-e0b333282f4dc2a2af03721ac77fff58{\npadding:0px 0px 0px 0px !important;\n}\n<\/style>\n<div class='flex_cell av-av_cell_one_full-e0b333282f4dc2a2af03721ac77fff58 av-gridrow-cell av_one_full no_margin  avia-builder-el-4  avia-builder-el-no-sibling  content-align-middle av-zero-padding'  ><div class='flex_cell_inner'><\/div><\/div>\n<\/div>\n<div id='av_section_2'  class='avia-section av-av_section-2dcda1862a94bb522b437cf4f29dd74d main_color avia-section-default avia-no-shadow  avia-builder-el-5  el_after_av_layout_row  el_before_av_section  avia-bg-style-scroll container_wrap sidebar_right'  ><div class='container av-section-cont-open' ><div class='template-page content  av-content-small alpha units'><div class='post-entry post-entry-type-page post-entry-3754'><div class='entry-content-wrapper clearfix'>\n\n<style type=\"text\/css\" data-created_by=\"avia_inline_auto\" id=\"style-css-av-av_two_fifth-15d750bd1b332b34c6e70b077ebbccdf\">\n.flex_column.av-av_two_fifth-15d750bd1b332b34c6e70b077ebbccdf{\nborder-radius:0px 0px 0px 0px;\npadding:0px 0px 0px 0px;\n}\n<\/style>\n<div  class='flex_column av-av_two_fifth-15d750bd1b332b34c6e70b077ebbccdf av_two_fifth  avia-builder-el-6  el_before_av_three_fifth  avia-builder-el-first  first flex_column_div av-zero-column-padding  '     ><p>\n<style type=\"text\/css\" data-created_by=\"avia_inline_auto\" id=\"style-css-av-av_heading-a439f0055d04cff3ac7469671cc8f8c2\">\n#top .av-special-heading.av-av_heading-a439f0055d04cff3ac7469671cc8f8c2{\npadding-bottom:10px;\n}\nbody .av-special-heading.av-av_heading-a439f0055d04cff3ac7469671cc8f8c2 .av-special-heading-tag .heading-char{\nfont-size:25px;\n}\n.av-special-heading.av-av_heading-a439f0055d04cff3ac7469671cc8f8c2 .av-subheading{\nfont-size:15px;\n}\n<\/style>\n<div  class='av-special-heading av-av_heading-a439f0055d04cff3ac7469671cc8f8c2 av-special-heading-h2 blockquote modern-quote  avia-builder-el-7  el_before_av_hr  avia-builder-el-first '><h2 class='av-special-heading-tag '  itemprop=\"headline\"  >CARACT\u00c9RISTIQUES TECHNIQUES<\/h2><div class=\"special-heading-border\"><div class=\"special-heading-inner-border\"><\/div><\/div><\/div><br \/>\n\n<style type=\"text\/css\" data-created_by=\"avia_inline_auto\" id=\"style-css-av-av_hr-4474f20d2389e2e5ecf918a02da5132e\">\n#top .hr.hr-invisible.av-av_hr-4474f20d2389e2e5ecf918a02da5132e{\nheight:50px;\n}\n<\/style>\n<div  class='hr av-av_hr-4474f20d2389e2e5ecf918a02da5132e hr-invisible  avia-builder-el-8  el_after_av_heading  el_before_av_textblock '><span class='hr-inner '><span class=\"hr-inner-style\"><\/span><\/span><\/div><br \/>\n<section  class='av_textblock_section av-av_textblock-2de302bf1aa3cf4c9157dbe6f50ac7eb '   itemscope=\"itemscope\" itemtype=\"https:\/\/schema.org\/CreativeWork\" ><div class='avia_textblock'  itemprop=\"text\" ><p>Type: Yacht \u00e0 moteur avec cockpit<br \/>\nConstructeur: Broward Marine &#8211; 1986 (r\u00e9f. 2016)<br \/>\nConstruction: Aluminium<br \/>\nLongueur: 30,21 m<br \/>\nFaisceau: 6,22 m<br \/>\nTirant d&rsquo;eau: 1,85 m<br \/>\nD\u00e9placement: 130 GT<br \/>\nMoteurs: 2 x 12 V &#8211; 71T1 Detroit Diesel 870 ch<br \/>\nG\u00e9n\u00e9rateurs: 2 x 40 kW Northern Lights<br \/>\nVitesse de croisi\u00e8re: 10 noeuds<br \/>\nConsommation de carburant: 175 l \/ h \u00e0 10 kt<br \/>\nCapacit\u00e9 de carburant: 19000 litres<br \/>\nCapacit\u00e9 de l&rsquo;eau: 8500 litres<br \/>\nEnti\u00e8rement stabilis\u00e9<\/p>\n<\/div><\/section><\/p><\/div>\n<style type=\"text\/css\" data-created_by=\"avia_inline_auto\" id=\"style-css-av-av_three_fifth-c8fc129dc35fd1ae2a1e410224d39ea8\">\n.flex_column.av-av_three_fifth-c8fc129dc35fd1ae2a1e410224d39ea8{\nborder-radius:0px 0px 0px 0px;\npadding:0px 0px 0px 0px;\n}\n<\/style>\n<div  class='flex_column av-av_three_fifth-c8fc129dc35fd1ae2a1e410224d39ea8 av_three_fifth  avia-builder-el-10  el_after_av_two_fifth  avia-builder-el-last  flex_column_div av-zero-column-padding  '     ><style type=\"text\/css\" data-created_by=\"avia_inline_auto\" id=\"style-css-av-av_image-ee9e565d76fd2e22f30a31b92abc181a\">\n.avia-image-container.av-av_image-ee9e565d76fd2e22f30a31b92abc181a img.avia_image{\nbox-shadow:none;\n}\n.avia-image-container.av-av_image-ee9e565d76fd2e22f30a31b92abc181a .av-image-caption-overlay-center{\ncolor:#ffffff;\n}\n<\/style>\n<div  class='avia-image-container av-av_image-ee9e565d76fd2e22f30a31b92abc181a av-styling- av-img-linked avia-align-center  avia-builder-el-11  avia-builder-el-no-sibling '   itemprop=\"image\" itemscope=\"itemscope\" itemtype=\"https:\/\/schema.org\/ImageObject\" ><div class=\"avia-image-container-inner\"><div class=\"avia-image-overlay-wrap\"><a href=\"https:\/\/www.auriane.net\/wp-content\/uploads\/2017\/12\/nacrt-1030x924.jpg\" class='avia_image '  aria-label='nacrt'><img fetchpriority=\"high\" class='wp-image-4224 avia-img-lazy-loading-not-4224 avia_image ' src='https:\/\/www.auriane.net\/wp-content\/uploads\/2017\/12\/nacrt-845x684.jpg' alt='' title='nacrt'  height=\"684\" width=\"845\"  itemprop=\"thumbnailUrl\"  \/><\/a><\/div><\/div><\/div><\/div>\n\n<\/div><\/div><\/div><!-- close content main div --><\/div><\/div><div id='av_section_3'  class='avia-section av-av_section-2dcda1862a94bb522b437cf4f29dd74d main_color avia-section-default avia-no-shadow  avia-builder-el-12  el_after_av_section  avia-builder-el-last  avia-bg-style-scroll container_wrap sidebar_right'  ><div class='container av-section-cont-open' ><div class='template-page content  av-content-small alpha units'><div class='post-entry post-entry-type-page post-entry-3754'><div class='entry-content-wrapper clearfix'>\n\n<style type=\"text\/css\" data-created_by=\"avia_inline_auto\" id=\"style-css-av-av_one_third-15d750bd1b332b34c6e70b077ebbccdf\">\n.flex_column.av-av_one_third-15d750bd1b332b34c6e70b077ebbccdf{\nborder-radius:0px 0px 0px 0px;\npadding:0px 0px 0px 0px;\n}\n<\/style>\n<div  class='flex_column av-av_one_third-15d750bd1b332b34c6e70b077ebbccdf av_one_third  avia-builder-el-13  el_before_av_one_third  avia-builder-el-first  first flex_column_div av-zero-column-padding  '     ><p>\n<style type=\"text\/css\" data-created_by=\"avia_inline_auto\" id=\"style-css-av-av_heading-e1ee562bff536a5db66acf1a5f8cc5b1\">\n#top .av-special-heading.av-av_heading-e1ee562bff536a5db66acf1a5f8cc5b1{\npadding-bottom:10px;\n}\nbody .av-special-heading.av-av_heading-e1ee562bff536a5db66acf1a5f8cc5b1 .av-special-heading-tag .heading-char{\nfont-size:25px;\n}\n.av-special-heading.av-av_heading-e1ee562bff536a5db66acf1a5f8cc5b1 .av-subheading{\nfont-size:15px;\n}\n<\/style>\n<div  class='av-special-heading av-av_heading-e1ee562bff536a5db66acf1a5f8cc5b1 av-special-heading-h3 blockquote modern-quote  avia-builder-el-14  el_before_av_textblock  avia-builder-el-first '><h3 class='av-special-heading-tag '  itemprop=\"headline\"  >H\u00c9BERGEMENTS<\/h3><div class=\"special-heading-border\"><div class=\"special-heading-inner-border\"><\/div><\/div><\/div><br \/>\n<section  class='av_textblock_section av-av_textblock-2de302bf1aa3cf4c9157dbe6f50ac7eb '   itemscope=\"itemscope\" itemtype=\"https:\/\/schema.org\/CreativeWork\" ><div class='avia_textblock'  itemprop=\"text\" ><p>6 invit\u00e9s dans 3 staterooms (un double, un jumeau et une grande carlingue de propri\u00e9taire)<\/p>\n<\/div><\/section><\/p><\/div>\n<style type=\"text\/css\" data-created_by=\"avia_inline_auto\" id=\"style-css-av-av_one_third-c8fc129dc35fd1ae2a1e410224d39ea8\">\n.flex_column.av-av_one_third-c8fc129dc35fd1ae2a1e410224d39ea8{\nborder-radius:0px 0px 0px 0px;\npadding:0px 0px 0px 0px;\n}\n<\/style>\n<div  class='flex_column av-av_one_third-c8fc129dc35fd1ae2a1e410224d39ea8 av_one_third  avia-builder-el-16  el_after_av_one_third  el_before_av_one_third  flex_column_div av-zero-column-padding  '     ><p>\n<style type=\"text\/css\" data-created_by=\"avia_inline_auto\" id=\"style-css-av-av_heading-58296d828ab86cb7ca0cdb73e5b2335e\">\n#top .av-special-heading.av-av_heading-58296d828ab86cb7ca0cdb73e5b2335e{\npadding-bottom:10px;\n}\nbody .av-special-heading.av-av_heading-58296d828ab86cb7ca0cdb73e5b2335e .av-special-heading-tag .heading-char{\nfont-size:25px;\n}\n.av-special-heading.av-av_heading-58296d828ab86cb7ca0cdb73e5b2335e .av-subheading{\nfont-size:15px;\n}\n<\/style>\n<div  class='av-special-heading av-av_heading-58296d828ab86cb7ca0cdb73e5b2335e av-special-heading-h3 blockquote modern-quote  avia-builder-el-17  el_before_av_textblock  avia-builder-el-first '><h3 class='av-special-heading-tag '  itemprop=\"headline\"  >EQUIPEMENTS \u00c9LECTRONIQUES<\/h3><div class=\"special-heading-border\"><div class=\"special-heading-inner-border\"><\/div><\/div><\/div><br \/>\n<section  class='av_textblock_section av-av_textblock-2de302bf1aa3cf4c9157dbe6f50ac7eb '   itemscope=\"itemscope\" itemtype=\"https:\/\/schema.org\/CreativeWork\" ><div class='avia_textblock'  itemprop=\"text\" ><p>Pilote automatique<br \/>\nGPS avec traceur et diff\u00e9rentiel<br \/>\nSondeur avec radar de balayage avant<br \/>\nRadios VHF<br \/>\nRadar<br \/>\nSAT TV \u00e0 \u00e9cran plat dans toutes les cabines et le salon<br \/>\nSyst\u00e8me ambiophonique Bose HiFi reli\u00e9 au cockpit<br \/>\nConnexion Internet Fax m\u00e9t\u00e9o<br \/>\nAm \/ Fm st\u00e9r\u00e9o<\/p>\n<\/div><\/section><\/p><\/div>\n<style type=\"text\/css\" data-created_by=\"avia_inline_auto\" id=\"style-css-av-av_one_third-c8fc129dc35fd1ae2a1e410224d39ea8\">\n.flex_column.av-av_one_third-c8fc129dc35fd1ae2a1e410224d39ea8{\nborder-radius:0px 0px 0px 0px;\npadding:0px 0px 0px 0px;\n}\n<\/style>\n<div  class='flex_column av-av_one_third-c8fc129dc35fd1ae2a1e410224d39ea8 av_one_third  avia-builder-el-19  el_after_av_one_third  avia-builder-el-last  flex_column_div av-zero-column-padding  '     ><p>\n<style type=\"text\/css\" data-created_by=\"avia_inline_auto\" id=\"style-css-av-av_heading-7fd5d6970ecaff9a89bc80bf128aaea0\">\n#top .av-special-heading.av-av_heading-7fd5d6970ecaff9a89bc80bf128aaea0{\npadding-bottom:10px;\n}\nbody .av-special-heading.av-av_heading-7fd5d6970ecaff9a89bc80bf128aaea0 .av-special-heading-tag .heading-char{\nfont-size:25px;\n}\n.av-special-heading.av-av_heading-7fd5d6970ecaff9a89bc80bf128aaea0 .av-subheading{\nfont-size:15px;\n}\n<\/style>\n<div  class='av-special-heading av-av_heading-7fd5d6970ecaff9a89bc80bf128aaea0 av-special-heading-h3 blockquote modern-quote  avia-builder-el-20  el_before_av_textblock  avia-builder-el-first '><h3 class='av-special-heading-tag '  itemprop=\"headline\"  >JEUX NAUTIQUES<\/h3><div class=\"special-heading-border\"><div class=\"special-heading-inner-border\"><\/div><\/div><\/div><br \/>\n<section  class='av_textblock_section av-jsrpubkj-a43222c2128a463052b6effc6a04463d '   itemscope=\"itemscope\" itemtype=\"https:\/\/schema.org\/CreativeWork\" ><div class='avia_textblock'  itemprop=\"text\" ><p>Mar co 26 with Twin Mercury 300hp<br \/>\nSki nautique<br \/>\nStand Up Paddles<br \/>\nBeignet<br \/>\nTubes Towables<br \/>\n\u00c9quipement de plong\u00e9e en apn\u00e9e<br \/>\nKayak de mer<\/p>\n<\/div><\/section><\/p><\/div><\/div><\/div><\/div><!-- close content main div --><\/div><\/div><div id='after_section_3'  class='main_color av_default_container_wrap container_wrap sidebar_right'  ><div class='container av-section-cont-open' ><div class='template-page content  av-content-small alpha units'><div class='post-entry post-entry-type-page post-entry-3754'><div class='entry-content-wrapper clearfix'>\n","protected":false},"excerpt":{"rendered":"","protected":false},"author":1,"featured_media":0,"parent":0,"menu_order":0,"comment_status":"closed","ping_status":"closed","template":"","meta":{"footnotes":""},"class_list":["post-3754","page","type-page","status-publish","hentry"],"yoast_head":"<!-- This site is optimized with the Yoast SEO plugin v27.6 - https:\/\/yoast.com\/product\/yoast-seo-wordpress\/ -->\n<title>Location bateau \u00e0 moteur en Croatie Split.<\/title>\n<meta name=\"description\" content=\"Aurien vous propose un large choix de Bateaux Moteur yachts, au d\u00e9part de Split Avis clients \u00e0 l&#039;appui \u00b7 Devis gratuit rapide. Croisi\u00e8re avec Equipage\" \/>\n<meta name=\"robots\" content=\"index, follow, max-snippet:-1, max-image-preview:large, max-video-preview:-1\" \/>\n<link rel=\"canonical\" href=\"https:\/\/www.auriane.net\/fr\/bateau-moteur-croatie\/\" \/>\n<meta property=\"og:locale\" content=\"fr_FR\" \/>\n<meta property=\"og:type\" content=\"article\" \/>\n<meta property=\"og:title\" content=\"Location bateau \u00e0 moteur en Croatie Split.\" \/>\n<meta property=\"og:description\" content=\"Aurien vous propose un large choix de Bateaux Moteur yachts, au d\u00e9part de Split Avis clients \u00e0 l&#039;appui \u00b7 Devis gratuit rapide. Croisi\u00e8re avec Equipage\" \/>\n<meta property=\"og:url\" content=\"https:\/\/www.auriane.net\/fr\/bateau-moteur-croatie\/\" \/>\n<meta property=\"og:site_name\" content=\"Location yacht Croatie - Auriane\" \/>\n<meta property=\"article:modified_time\" content=\"2019-03-02T16:43:38+00:00\" \/>\n<meta name=\"twitter:card\" content=\"summary_large_image\" \/>\n<meta name=\"twitter:label1\" content=\"Dur\u00e9e de lecture estim\u00e9e\" \/>\n\t<meta name=\"twitter:data1\" content=\"7 minutes\" \/>\n<script type=\"application\/ld+json\" class=\"yoast-schema-graph\">{\"@context\":\"https:\\\/\\\/schema.org\",\"@graph\":[{\"@type\":\"WebPage\",\"@id\":\"https:\\\/\\\/www.auriane.net\\\/fr\\\/bateau-moteur-croatie\\\/\",\"url\":\"https:\\\/\\\/www.auriane.net\\\/fr\\\/bateau-moteur-croatie\\\/\",\"name\":\"Location bateau \u00e0 moteur en Croatie Split.\",\"isPartOf\":{\"@id\":\"https:\\\/\\\/www.auriane.net\\\/en\\\/#website\"},\"datePublished\":\"2017-03-16T10:18:46+00:00\",\"dateModified\":\"2019-03-02T16:43:38+00:00\",\"description\":\"Aurien vous propose un large choix de Bateaux Moteur yachts, au d\u00e9part de Split Avis clients \u00e0 l'appui \u00b7 Devis gratuit rapide. Croisi\u00e8re avec Equipage\",\"breadcrumb\":{\"@id\":\"https:\\\/\\\/www.auriane.net\\\/fr\\\/bateau-moteur-croatie\\\/#breadcrumb\"},\"inLanguage\":\"fr-FR\",\"potentialAction\":[{\"@type\":\"ReadAction\",\"target\":[\"https:\\\/\\\/www.auriane.net\\\/fr\\\/bateau-moteur-croatie\\\/\"]}]},{\"@type\":\"BreadcrumbList\",\"@id\":\"https:\\\/\\\/www.auriane.net\\\/fr\\\/bateau-moteur-croatie\\\/#breadcrumb\",\"itemListElement\":[{\"@type\":\"ListItem\",\"position\":1,\"name\":\"Home\",\"item\":\"https:\\\/\\\/www.auriane.net\\\/fr\\\/\"},{\"@type\":\"ListItem\",\"position\":2,\"name\":\"Caract\u00e9ristiques Techniques\"}]},{\"@type\":\"WebSite\",\"@id\":\"https:\\\/\\\/www.auriane.net\\\/en\\\/#website\",\"url\":\"https:\\\/\\\/www.auriane.net\\\/en\\\/\",\"name\":\"Location yacht Croatie - Auriane\",\"description\":\"Location de bateaux Split Croatie. Yacht avec \u00e9quipage avec \u00e9quipage Croatie. Location Yacht Croatie.\",\"potentialAction\":[{\"@type\":\"SearchAction\",\"target\":{\"@type\":\"EntryPoint\",\"urlTemplate\":\"https:\\\/\\\/www.auriane.net\\\/en\\\/?s={search_term_string}\"},\"query-input\":{\"@type\":\"PropertyValueSpecification\",\"valueRequired\":true,\"valueName\":\"search_term_string\"}}],\"inLanguage\":\"fr-FR\"}]}<\/script>\n<!-- \/ Yoast SEO plugin. -->","yoast_head_json":{"title":"Location bateau \u00e0 moteur en Croatie Split.","description":"Aurien vous propose un large choix de Bateaux Moteur yachts, au d\u00e9part de Split Avis clients \u00e0 l'appui \u00b7 Devis gratuit rapide. Croisi\u00e8re avec Equipage","robots":{"index":"index","follow":"follow","max-snippet":"max-snippet:-1","max-image-preview":"max-image-preview:large","max-video-preview":"max-video-preview:-1"},"canonical":"https:\/\/www.auriane.net\/fr\/bateau-moteur-croatie\/","og_locale":"fr_FR","og_type":"article","og_title":"Location bateau \u00e0 moteur en Croatie Split.","og_description":"Aurien vous propose un large choix de Bateaux Moteur yachts, au d\u00e9part de Split Avis clients \u00e0 l'appui \u00b7 Devis gratuit rapide. Croisi\u00e8re avec Equipage","og_url":"https:\/\/www.auriane.net\/fr\/bateau-moteur-croatie\/","og_site_name":"Location yacht Croatie - Auriane","article_modified_time":"2019-03-02T16:43:38+00:00","twitter_card":"summary_large_image","twitter_misc":{"Dur\u00e9e de lecture estim\u00e9e":"7 minutes"},"schema":{"@context":"https:\/\/schema.org","@graph":[{"@type":"WebPage","@id":"https:\/\/www.auriane.net\/fr\/bateau-moteur-croatie\/","url":"https:\/\/www.auriane.net\/fr\/bateau-moteur-croatie\/","name":"Location bateau \u00e0 moteur en Croatie Split.","isPartOf":{"@id":"https:\/\/www.auriane.net\/en\/#website"},"datePublished":"2017-03-16T10:18:46+00:00","dateModified":"2019-03-02T16:43:38+00:00","description":"Aurien vous propose un large choix de Bateaux Moteur yachts, au d\u00e9part de Split Avis clients \u00e0 l'appui \u00b7 Devis gratuit rapide. Croisi\u00e8re avec Equipage","breadcrumb":{"@id":"https:\/\/www.auriane.net\/fr\/bateau-moteur-croatie\/#breadcrumb"},"inLanguage":"fr-FR","potentialAction":[{"@type":"ReadAction","target":["https:\/\/www.auriane.net\/fr\/bateau-moteur-croatie\/"]}]},{"@type":"BreadcrumbList","@id":"https:\/\/www.auriane.net\/fr\/bateau-moteur-croatie\/#breadcrumb","itemListElement":[{"@type":"ListItem","position":1,"name":"Home","item":"https:\/\/www.auriane.net\/fr\/"},{"@type":"ListItem","position":2,"name":"Caract\u00e9ristiques Techniques"}]},{"@type":"WebSite","@id":"https:\/\/www.auriane.net\/en\/#website","url":"https:\/\/www.auriane.net\/en\/","name":"Location yacht Croatie - Auriane","description":"Location de bateaux Split Croatie. Yacht avec \u00e9quipage avec \u00e9quipage Croatie. Location Yacht Croatie.","potentialAction":[{"@type":"SearchAction","target":{"@type":"EntryPoint","urlTemplate":"https:\/\/www.auriane.net\/en\/?s={search_term_string}"},"query-input":{"@type":"PropertyValueSpecification","valueRequired":true,"valueName":"search_term_string"}}],"inLanguage":"fr-FR"}]}},"_links":{"self":[{"href":"https:\/\/www.auriane.net\/fr\/wp-json\/wp\/v2\/pages\/3754","targetHints":{"allow":["GET"]}}],"collection":[{"href":"https:\/\/www.auriane.net\/fr\/wp-json\/wp\/v2\/pages"}],"about":[{"href":"https:\/\/www.auriane.net\/fr\/wp-json\/wp\/v2\/types\/page"}],"author":[{"embeddable":true,"href":"https:\/\/www.auriane.net\/fr\/wp-json\/wp\/v2\/users\/1"}],"replies":[{"embeddable":true,"href":"https:\/\/www.auriane.net\/fr\/wp-json\/wp\/v2\/comments?post=3754"}],"version-history":[{"count":5,"href":"https:\/\/www.auriane.net\/fr\/wp-json\/wp\/v2\/pages\/3754\/revisions"}],"predecessor-version":[{"id":4225,"href":"https:\/\/www.auriane.net\/fr\/wp-json\/wp\/v2\/pages\/3754\/revisions\/4225"}],"wp:attachment":[{"href":"https:\/\/www.auriane.net\/fr\/wp-json\/wp\/v2\/media?parent=3754"}],"curies":[{"name":"wp","href":"https:\/\/api.w.org\/{rel}","templated":true}]}}